{"id":95,"date":"2024-10-15T05:41:57","date_gmt":"2024-10-15T05:41:57","guid":{"rendered":"https:\/\/gfusion.com.br\/?page_id=95"},"modified":"2024-10-15T06:31:55","modified_gmt":"2024-10-15T06:31:55","slug":"sobre-nos","status":"publish","type":"page","link":"https:\/\/gfusion.com.br\/zh\/sobre-nos\/","title":{"rendered":"\u5173\u4e8e\u6211\u4eec"},"content":{"rendered":"<div data-elementor-type=\"wp-page\" data-elementor-id=\"95\" class=\"elementor elementor-95\" data-elementor-post-type=\"page\">\n\t\t\t\t<div class=\"elementor-element elementor-element-310dd5e e-flex e-con-boxed e-con e-parent\" data-id=\"310dd5e\" data-element_type=\"container\" data-e-type=\"container\" data-settings=\"{&quot;background_background&quot;:&quot;classic&quot;}\">\n\t\t\t\t\t<div class=\"e-con-inner\">\n\t\t<div class=\"elementor-element elementor-element-7c28492 e-con-full e-flex e-con e-child\" data-id=\"7c28492\" data-element_type=\"container\" data-e-type=\"container\">\n\t\t\t\t<div class=\"elementor-element elementor-element-adb4cc4 elementor-invisible elementor-widget elementor-widget-heading\" data-id=\"adb4cc4\" data-element_type=\"widget\" data-e-type=\"widget\" data-settings=\"{&quot;_animation&quot;:&quot;fadeInUp&quot;}\" data-widget_type=\"heading.default\">\n\t\t\t\t<div class=\"elementor-widget-container\">\n\t\t\t\t\t<h1 class=\"elementor-heading-title elementor-size-default\">\u5173\u4e8e\u5168\u7403\u878d\u5408<\/h1>\t\t\t\t<\/div>\n\t\t\t\t<\/div>\n\t\t\t\t<\/div>\n\t\t\t\t\t<\/div>\n\t\t\t\t<\/div>\n\t\t\t\t<section class=\"elementor-section elementor-top-section elementor-element elementor-element-6cae9809 elementor-section-stretched elementor-section-boxed elementor-section-height-default elementor-section-height-default\" data-id=\"6cae9809\" data-element_type=\"section\" data-e-type=\"section\" id=\"sobre-nos\" data-settings=\"{&quot;stretch_section&quot;:&quot;section-stretched&quot;,&quot;background_background&quot;:&quot;gradient&quot;}\">\n\t\t\t\t\t\t<div class=\"elementor-container elementor-column-gap-default\">\n\t\t\t\t\t<div class=\"elementor-column elementor-col-50 elementor-top-column elementor-element elementor-element-31aaab2f\" data-id=\"31aaab2f\" data-element_type=\"column\" data-e-type=\"column\">\n\t\t\t<div class=\"elementor-widget-wrap elementor-element-populated\">\n\t\t\t\t\t\t<div class=\"elementor-element elementor-element-77a4787b elementor-widget elementor-widget-text-editor\" data-id=\"77a4787b\" data-element_type=\"widget\" data-e-type=\"widget\" data-widget_type=\"text-editor.default\">\n\t\t\t\t<div class=\"elementor-widget-container\">\n\t\t\t\t\t\t\t\t\t<p>\u8fd9 <b>\u5168\u7403\u878d\u5408 <\/b>\u662f\u4e00\u5bb6\u5386\u53f2\u60a0\u4e45\u7684\u516c\u53f8\uff0c\u65e8\u5728\u964d\u4f4e\u516c\u53f8\u6210\u672c\u5e76\u7b80\u5316\u4eba\u5458\u914d\u7f6e\u548c\u7ba1\u7406\u3002<\/p><p>\u6211\u4eec\u63d0\u4f9b\u6240\u6709\u4eba\u529b\u8d44\u6e90\u89e3\u51b3\u65b9\u6848\uff0c\u4e3a\u5408\u9002\u7684\u804c\u4f4d\u63d0\u4f9b\u9ad8\u6548\u7684\u56e2\u961f\uff0c\u5e76\u4e3a\u5df4\u897f\u548c\u56fd\u9645\u6c42\u804c\u8005\u63d0\u4f9b\u6709\u8da3\u7684\u673a\u4f1a\u3002<\/p>\t\t\t\t\t\t\t\t<\/div>\n\t\t\t\t<\/div>\n\t\t\t\t<div class=\"elementor-element elementor-element-75b5467 elementor-invisible elementor-widget elementor-widget-heading\" data-id=\"75b5467\" data-element_type=\"widget\" data-e-type=\"widget\" data-settings=\"{&quot;_animation&quot;:&quot;fadeInUp&quot;}\" data-widget_type=\"heading.default\">\n\t\t\t\t<div class=\"elementor-widget-container\">\n\t\t\t\t\t<h2 class=\"elementor-heading-title elementor-size-default\">\u6211\u4eec\u7684\u4f7f\u547d<\/h2>\t\t\t\t<\/div>\n\t\t\t\t<\/div>\n\t\t\t\t<div class=\"elementor-element elementor-element-e150a4e elementor-widget elementor-widget-text-editor\" data-id=\"e150a4e\" data-element_type=\"widget\" data-e-type=\"widget\" data-widget_type=\"text-editor.default\">\n\t\t\t\t<div class=\"elementor-widget-container\">\n\t\t\t\t\t\t\t\t\t<p>\u6210\u4e3a\u4f1a\u8ba1\u3001\u6cd5\u5f8b\u3001\u79fb\u6c11\u548c\u6d77\u5173\u9886\u57df\u9ad8\u8d28\u91cf\u5916\u5305\u548c\u54a8\u8be2\u670d\u52a1\u7684\u9886\u5148\u63d0\u4f9b\u5546\u3002<\/p>\t\t\t\t\t\t\t\t<\/div>\n\t\t\t\t<\/div>\n\t\t\t\t<div class=\"elementor-element elementor-element-ed5346e elementor-invisible elementor-widget elementor-widget-heading\" data-id=\"ed5346e\" data-element_type=\"widget\" data-e-type=\"widget\" data-settings=\"{&quot;_animation&quot;:&quot;fadeInUp&quot;}\" data-widget_type=\"heading.default\">\n\t\t\t\t<div class=\"elementor-widget-container\">\n\t\t\t\t\t<h2 class=\"elementor-heading-title elementor-size-default\">\u6211\u4eec\u7684\u76ee\u6807\u662f\uff1a<\/h2>\t\t\t\t<\/div>\n\t\t\t\t<\/div>\n\t\t\t\t<div class=\"elementor-element elementor-element-696f85a elementor-icon-list--layout-traditional elementor-list-item-link-full_width elementor-widget elementor-widget-icon-list\" data-id=\"696f85a\" data-element_type=\"widget\" data-e-type=\"widget\" data-widget_type=\"icon-list.default\">\n\t\t\t\t<div class=\"elementor-widget-container\">\n\t\t\t\t\t\t\t<ul class=\"elementor-icon-list-items\">\n\t\t\t\t\t\t\t<li class=\"elementor-icon-list-item\">\n\t\t\t\t\t\t\t\t\t\t\t<span class=\"elementor-icon-list-icon\">\n\t\t\t\t\t\t\t<svg aria-hidden=\"true\" class=\"e-font-icon-svg e-fas-check\" viewbox=\"0 0 512 512\" xmlns=\"http:\/\/www.w3.org\/2000\/svg\"><path d=\"M173.898 439.404l-166.4-166.4c-9.997-9.997-9.997-26.206 0-36.204l36.203-36.204c9.997-9.998 26.207-9.998 36.204 0L192 312.69 432.095 72.596c9.997-9.997 26.207-9.997 36.204 0l36.203 36.204c9.997 9.997 9.997 26.206 0 36.204l-294.4 294.401c-9.998 9.997-26.207 9.997-36.204-.001z\"><\/path><\/svg>\t\t\t\t\t\t<\/span>\n\t\t\t\t\t\t\t\t\t\t<span class=\"elementor-icon-list-text\">\u5448\u73b0\u4e00\u652f\u5408\u683c\u4e14\u79ef\u6781\u8fdb\u53d6\u7684\u56e2\u961f\uff1b<\/span>\n\t\t\t\t\t\t\t\t\t<\/li>\n\t\t\t\t\t\t\t\t<li class=\"elementor-icon-list-item\">\n\t\t\t\t\t\t\t\t\t\t\t<span class=\"elementor-icon-list-icon\">\n\t\t\t\t\t\t\t<svg aria-hidden=\"true\" class=\"e-font-icon-svg e-fas-check\" viewbox=\"0 0 512 512\" xmlns=\"http:\/\/www.w3.org\/2000\/svg\"><path d=\"M173.898 439.404l-166.4-166.4c-9.997-9.997-9.997-26.206 0-36.204l36.203-36.204c9.997-9.998 26.207-9.998 36.204 0L192 312.69 432.095 72.596c9.997-9.997 26.207-9.997 36.204 0l36.203 36.204c9.997 9.997 9.997 26.206 0 36.204l-294.4 294.401c-9.998 9.997-26.207 9.997-36.204-.001z\"><\/path><\/svg>\t\t\t\t\t\t<\/span>\n\t\t\t\t\t\t\t\t\t\t<span class=\"elementor-icon-list-text\">\u8ba9\u6240\u6709\u5ba2\u6237\u5b89\u5fc3\u65e0\u5fe7\uff1b<\/span>\n\t\t\t\t\t\t\t\t\t<\/li>\n\t\t\t\t\t\t\t\t<li class=\"elementor-icon-list-item\">\n\t\t\t\t\t\t\t\t\t\t\t<span class=\"elementor-icon-list-icon\">\n\t\t\t\t\t\t\t<svg aria-hidden=\"true\" class=\"e-font-icon-svg e-fas-check\" viewbox=\"0 0 512 512\" xmlns=\"http:\/\/www.w3.org\/2000\/svg\"><path d=\"M173.898 439.404l-166.4-166.4c-9.997-9.997-9.997-26.206 0-36.204l36.203-36.204c9.997-9.998 26.207-9.998 36.204 0L192 312.69 432.095 72.596c9.997-9.997 26.207-9.997 36.204 0l36.203 36.204c9.997 9.997 9.997 26.206 0 36.204l-294.4 294.401c-9.998 9.997-26.207 9.997-36.204-.001z\"><\/path><\/svg>\t\t\t\t\t\t<\/span>\n\t\t\t\t\t\t\t\t\t\t<span class=\"elementor-icon-list-text\">\u9009\u62e9\u5408\u9002\u7684\u4eba\u62c5\u4efb\u5408\u9002\u7684\u804c\u4f4d\uff1b<\/span>\n\t\t\t\t\t\t\t\t\t<\/li>\n\t\t\t\t\t\t\t\t<li class=\"elementor-icon-list-item\">\n\t\t\t\t\t\t\t\t\t\t\t<span class=\"elementor-icon-list-icon\">\n\t\t\t\t\t\t\t<svg aria-hidden=\"true\" class=\"e-font-icon-svg e-fas-check\" viewbox=\"0 0 512 512\" xmlns=\"http:\/\/www.w3.org\/2000\/svg\"><path d=\"M173.898 439.404l-166.4-166.4c-9.997-9.997-9.997-26.206 0-36.204l36.203-36.204c9.997-9.998 26.207-9.998 36.204 0L192 312.69 432.095 72.596c9.997-9.997 26.207-9.997 36.204 0l36.203 36.204c9.997 9.997 9.997 26.206 0 36.204l-294.4 294.401c-9.998 9.997-26.207 9.997-36.204-.001z\"><\/path><\/svg>\t\t\t\t\t\t<\/span>\n\t\t\t\t\t\t\t\t\t\t<span class=\"elementor-icon-list-text\">\u57f9\u8bad\u548c\u652f\u6301\u90a3\u4e9b\u5728\u5c31\u4e1a\u5e02\u573a\u5bfb\u627e\u673a\u4f1a\u7684\u4eba\u3002<\/span>\n\t\t\t\t\t\t\t\t\t<\/li>\n\t\t\t\t\t\t<\/ul>\n\t\t\t\t\t\t<\/div>\n\t\t\t\t<\/div>\n\t\t\t\t\t<\/div>\n\t\t<\/div>\n\t\t\t\t<div class=\"elementor-column elementor-col-50 elementor-top-column elementor-element elementor-element-05dd741\" data-id=\"05dd741\" data-element_type=\"column\" data-e-type=\"column\">\n\t\t\t<div class=\"elementor-widget-wrap elementor-element-populated\">\n\t\t\t\t\t\t<div class=\"elementor-element elementor-element-42365040 elementor-widget elementor-widget-image\" data-id=\"42365040\" data-element_type=\"widget\" data-e-type=\"widget\" data-widget_type=\"image.default\">\n\t\t\t\t<div class=\"elementor-widget-container\">\n\t\t\t\t\t\t\t\t\t\t\t\t\t\t\t<img fetchpriority=\"high\" decoding=\"async\" width=\"800\" height=\"752\" src=\"https:\/\/gfusion.com.br\/wp-content\/uploads\/2024\/10\/img-processo-seletivo-1024x962.png\" class=\"attachment-large size-large wp-image-87\" alt=\"\" srcset=\"https:\/\/gfusion.com.br\/wp-content\/uploads\/2024\/10\/img-processo-seletivo-1024x962.png 1024w, https:\/\/gfusion.com.br\/wp-content\/uploads\/2024\/10\/img-processo-seletivo-300x282.png 300w, https:\/\/gfusion.com.br\/wp-content\/uploads\/2024\/10\/img-processo-seletivo-768x721.png 768w, https:\/\/gfusion.com.br\/wp-content\/uploads\/2024\/10\/img-processo-seletivo.png 1065w\" sizes=\"(max-width: 800px) 100vw, 800px\" \/>\t\t\t\t\t\t\t\t\t\t\t\t\t\t\t<\/div>\n\t\t\t\t<\/div>\n\t\t\t\t\t<\/div>\n\t\t<\/div>\n\t\t\t\t\t<\/div>\n\t\t<\/section>\n\t\t\t\t<\/div>","protected":false},"excerpt":{"rendered":"<p>Sobre a Global Fusion A Global Fusion \u00e9 uma empresa bem estabelecida que foi projetada para reduzir custos e simplificar a coloca\u00e7\u00e3o e o gerenciamento de pessoal para empresas. Fornecemos todas as solu\u00e7\u00f5es de recursos humanos, apresentando equipes produtivas para os cargos certos e oferecendo oportunidades interessantes para quem procura emprego, tanto no Brasil quanto [&hellip;]<\/p>","protected":false},"author":1,"featured_media":0,"parent":0,"menu_order":0,"comment_status":"closed","ping_status":"closed","template":"","meta":{"_monsterinsights_skip_tracking":false,"_monsterinsights_sitenote_active":false,"_monsterinsights_sitenote_note":"","_monsterinsights_sitenote_category":0,"_joinchat":[],"footnotes":""},"class_list":["post-95","page","type-page","status-publish","hentry"],"aioseo_notices":[],"_links":{"self":[{"href":"https:\/\/gfusion.com.br\/zh\/wp-json\/wp\/v2\/pages\/95"}],"collection":[{"href":"https:\/\/gfusion.com.br\/zh\/wp-json\/wp\/v2\/pages"}],"about":[{"href":"https:\/\/gfusion.com.br\/zh\/wp-json\/wp\/v2\/types\/page"}],"author":[{"embeddable":true,"href":"https:\/\/gfusion.com.br\/zh\/wp-json\/wp\/v2\/users\/1"}],"replies":[{"embeddable":true,"href":"https:\/\/gfusion.com.br\/zh\/wp-json\/wp\/v2\/comments?post=95"}],"version-history":[{"count":19,"href":"https:\/\/gfusion.com.br\/zh\/wp-json\/wp\/v2\/pages\/95\/revisions"}],"predecessor-version":[{"id":137,"href":"https:\/\/gfusion.com.br\/zh\/wp-json\/wp\/v2\/pages\/95\/revisions\/137"}],"wp:attachment":[{"href":"https:\/\/gfusion.com.br\/zh\/wp-json\/wp\/v2\/media?parent=95"}],"curies":[{"name":"wp","href":"https:\/\/api.w.org\/{rel}","templated":true}]}}