{"id":439,"date":"2024-10-23T14:43:24","date_gmt":"2024-10-23T14:43:24","guid":{"rendered":"https:\/\/gfusion.com.br\/?page_id=439"},"modified":"2024-10-24T18:55:33","modified_gmt":"2024-10-24T18:55:33","slug":"vistos-e-processos-de-imigracao","status":"publish","type":"page","link":"https:\/\/gfusion.com.br\/zh\/vistos-e-processos-de-imigracao\/","title":{"rendered":"\u7b7e\u8bc1\u548c\u79fb\u6c11\u7a0b\u5e8f"},"content":{"rendered":"<div data-elementor-type=\"wp-page\" data-elementor-id=\"439\" class=\"elementor elementor-439\" data-elementor-post-type=\"page\">\n\t\t\t\t<div class=\"elementor-element elementor-element-0311e8a e-flex e-con-boxed e-con e-parent\" data-id=\"0311e8a\" data-element_type=\"container\" data-e-type=\"container\" data-settings=\"{&quot;background_background&quot;:&quot;classic&quot;}\">\n\t\t\t\t\t<div class=\"e-con-inner\">\n\t\t<div class=\"elementor-element elementor-element-c2f5875 e-con-full e-flex e-con e-child\" data-id=\"c2f5875\" data-element_type=\"container\" data-e-type=\"container\">\n\t\t\t\t<div class=\"elementor-element elementor-element-82357c8 elementor-invisible elementor-widget elementor-widget-heading\" data-id=\"82357c8\" data-element_type=\"widget\" data-e-type=\"widget\" data-settings=\"{&quot;_animation&quot;:&quot;fadeInUp&quot;}\" data-widget_type=\"heading.default\">\n\t\t\t\t<div class=\"elementor-widget-container\">\n\t\t\t\t\t<h1 class=\"elementor-heading-title elementor-size-default\">\u7b7e\u8bc1\u548c\u79fb\u6c11\u7a0b\u5e8f<\/h1>\t\t\t\t<\/div>\n\t\t\t\t<\/div>\n\t\t\t\t<\/div>\n\t\t\t\t\t<\/div>\n\t\t\t\t<\/div>\n\t\t\t\t<section class=\"elementor-section elementor-top-section elementor-element elementor-element-09c3d72 elementor-section-stretched elementor-section-boxed elementor-section-height-default elementor-section-height-default\" data-id=\"09c3d72\" data-element_type=\"section\" data-e-type=\"section\" data-settings=\"{&quot;stretch_section&quot;:&quot;section-stretched&quot;,&quot;background_background&quot;:&quot;gradient&quot;}\">\n\t\t\t\t\t\t<div class=\"elementor-container elementor-column-gap-default\">\n\t\t\t\t\t<div class=\"elementor-column elementor-col-100 elementor-top-column elementor-element elementor-element-5d81b77\" data-id=\"5d81b77\" data-element_type=\"column\" data-e-type=\"column\">\n\t\t\t<div class=\"elementor-widget-wrap elementor-element-populated\">\n\t\t\t\t\t\t<div class=\"elementor-element elementor-element-bd8a88b elementor-widget elementor-widget-text-editor\" data-id=\"bd8a88b\" data-element_type=\"widget\" data-e-type=\"widget\" data-widget_type=\"text-editor.default\">\n\t\t\t\t<div class=\"elementor-widget-container\">\n\t\t\t\t\t\t\t\t\t<p>\u6211\u4eec\u4e3a\u6ee1\u8db3\u5404\u79cd\u9700\u6c42\u63d0\u4f9b\u7b7e\u8bc1\u6d41\u7a0b\u63d0\u4f9b\u4fbf\u5229\uff0c\u5305\u62ec\uff1a<\/p>\t\t\t\t\t\t\t\t<\/div>\n\t\t\t\t<\/div>\n\t\t<div class=\"elementor-element elementor-element-a62a4a4 e-flex e-con-boxed e-con e-parent\" data-id=\"a62a4a4\" data-element_type=\"container\" data-e-type=\"container\">\n\t\t\t\t\t<div class=\"e-con-inner\">\n\t\t<div class=\"elementor-element elementor-element-3b95f59 e-con-full e-flex e-con e-child\" data-id=\"3b95f59\" data-element_type=\"container\" data-e-type=\"container\">\n\t\t\t\t<div class=\"elementor-element elementor-element-59e54e8 elementor-widget elementor-widget-image\" data-id=\"59e54e8\" data-element_type=\"widget\" data-e-type=\"widget\" data-widget_type=\"image.default\">\n\t\t\t\t<div class=\"elementor-widget-container\">\n\t\t\t\t\t\t\t\t\t\t\t\t\t\t\t<img fetchpriority=\"high\" decoding=\"async\" width=\"422\" height=\"492\" src=\"https:\/\/gfusion.com.br\/wp-content\/uploads\/2024\/10\/vistos-e-processos-de-imigracao.jpg\" class=\"attachment-large size-large wp-image-214\" alt=\"Vistos e Processos de Imigra\u00e7\u00e3o\" srcset=\"https:\/\/gfusion.com.br\/wp-content\/uploads\/2024\/10\/vistos-e-processos-de-imigracao.jpg 422w, https:\/\/gfusion.com.br\/wp-content\/uploads\/2024\/10\/vistos-e-processos-de-imigracao-257x300.jpg 257w\" sizes=\"(max-width: 422px) 100vw, 422px\" \/>\t\t\t\t\t\t\t\t\t\t\t\t\t\t\t<\/div>\n\t\t\t\t<\/div>\n\t\t\t\t<\/div>\n\t\t<div class=\"elementor-element elementor-element-bc33e50 e-con-full e-flex e-con e-child\" data-id=\"bc33e50\" data-element_type=\"container\" data-e-type=\"container\">\n\t\t\t\t<div class=\"elementor-element elementor-element-f475e77 elementor-vertical-align-top elementor-widget elementor-widget-image-box\" data-id=\"f475e77\" data-element_type=\"widget\" data-e-type=\"widget\" data-widget_type=\"image-box.default\">\n\t\t\t\t<div class=\"elementor-widget-container\">\n\t\t\t\t\t<div class=\"elementor-image-box-wrapper\"><div class=\"elementor-image-box-content\"><h3 class=\"elementor-image-box-title\">1. \u5bb6\u5ead\u53ca\u7236\u6bcd\u7b7e\u8bc1\uff1a<\/h3><p class=\"elementor-image-box-description\">\u6211\u4eec\u5e2e\u52a9\u5e0c\u671b\u8bbf\u95ee\u5df4\u897f\u7684\u5bb6\u5ead\u6210\u5458\u83b7\u5f97\u7b7e\u8bc1\u3002<\/p><\/div><\/div>\t\t\t\t<\/div>\n\t\t\t\t<\/div>\n\t\t\t\t<div class=\"elementor-element elementor-element-f832908 elementor-vertical-align-top elementor-widget elementor-widget-image-box\" data-id=\"f832908\" data-element_type=\"widget\" data-e-type=\"widget\" data-widget_type=\"image-box.default\">\n\t\t\t\t<div class=\"elementor-widget-container\">\n\t\t\t\t\t<div class=\"elementor-image-box-wrapper\"><div class=\"elementor-image-box-content\"><h3 class=\"elementor-image-box-title\">2. \u5de5\u4f5c\u7b7e\u8bc1\uff1a<\/h3><p class=\"elementor-image-box-description\">\u6211\u4eec\u4e3a\u5e0c\u671b\u5728\u5df4\u897f\u5de5\u4f5c\u7684\u5916\u56fd\u4e13\u4e1a\u4eba\u58eb\u83b7\u5f97\u5de5\u4f5c\u7b7e\u8bc1\u63d0\u4f9b\u5168\u9762\u652f\u6301\uff0c\u786e\u4fdd\u6574\u4e2a\u8fc7\u7a0b\u9ad8\u6548\u4e14\u5408\u6cd5\u5730\u8fdb\u884c\u3002<\/p><\/div><\/div>\t\t\t\t<\/div>\n\t\t\t\t<\/div>\n\t\t\t\t<div class=\"elementor-element elementor-element-c1fa5c6 elementor-vertical-align-top elementor-widget elementor-widget-image-box\" data-id=\"c1fa5c6\" data-element_type=\"widget\" data-e-type=\"widget\" data-widget_type=\"image-box.default\">\n\t\t\t\t<div class=\"elementor-widget-container\">\n\t\t\t\t\t<div class=\"elementor-image-box-wrapper\"><div class=\"elementor-image-box-content\"><h3 class=\"elementor-image-box-title\">3. \u5546\u52a1\u7b7e\u8bc1\uff1a<\/h3><p class=\"elementor-image-box-description\">\u6211\u4eec\u4e3a\u9700\u8981\u5546\u52a1\u7b7e\u8bc1\u7684\u516c\u53f8\u548c\u4e13\u4e1a\u4eba\u58eb\u63d0\u4f9b\u5e2e\u52a9\uff0c\u786e\u4fdd\u4ed6\u4eec\u62e5\u6709\u4e0e\u5df4\u897f\u5546\u4e1a\u6d3b\u52a8\u76f8\u5173\u7684\u77ed\u671f\u6216\u957f\u671f\u65c5\u884c\u7684\u9002\u5f53\u6587\u4ef6\u3002<\/p><\/div><\/div>\t\t\t\t<\/div>\n\t\t\t\t<\/div>\n\t\t\t\t<\/div>\n\t\t\t\t\t<\/div>\n\t\t\t\t<\/div>\n\t\t\t\t<div class=\"elementor-element elementor-element-73ff247 elementor-widget elementor-widget-text-editor\" data-id=\"73ff247\" data-element_type=\"widget\" data-e-type=\"widget\" data-widget_type=\"text-editor.default\">\n\t\t\t\t<div class=\"elementor-widget-container\">\n\t\t\t\t\t\t\t\t\t<p>\u901a\u8fc7\u8fd9\u4e9b\u9644\u52a0\u670d\u52a1\uff0cGlobal Fusion \u5f3a\u5316\u4e86\u5176\u63d0\u4f9b\u96c6\u6210\u89e3\u51b3\u65b9\u6848\u7684\u627f\u8bfa\uff0c\u8fd9\u4e9b\u89e3\u51b3\u65b9\u6848\u6709\u52a9\u4e8e\u5ba2\u6237\u7684\u589e\u957f\u4ee5\u53ca\u6cd5\u5f8b\u548c\u8d22\u52a1\u5b89\u5168\u3002<\/p>\t\t\t\t\t\t\t\t<\/div>\n\t\t\t\t<\/div>\n\t\t\t\t<div class=\"elementor-element elementor-element-8fce392 elementor-invisible elementor-widget elementor-widget-heading\" data-id=\"8fce392\" data-element_type=\"widget\" data-e-type=\"widget\" data-settings=\"{&quot;_animation&quot;:&quot;fadeInUp&quot;}\" data-widget_type=\"heading.default\">\n\t\t\t\t<div class=\"elementor-widget-container\">\n\t\t\t\t\t<h2 class=\"elementor-heading-title elementor-size-default\">\u4e0e\u6211\u4eec\u7684\u56e2\u961f\u8054\u7cfb\uff1a<\/h2>\t\t\t\t<\/div>\n\t\t\t\t<\/div>\n\t\t\t\t<div class=\"elementor-element elementor-element-baa37c2 elementor-align-center elementor-mobile-align-center elementor-invisible elementor-widget elementor-widget-button\" data-id=\"baa37c2\" data-element_type=\"widget\" data-e-type=\"widget\" data-settings=\"{&quot;_animation&quot;:&quot;fadeInUp&quot;}\" data-widget_type=\"button.default\">\n\t\t\t\t<div class=\"elementor-widget-container\">\n\t\t\t\t\t\t\t\t\t<div class=\"elementor-button-wrapper\">\n\t\t\t\t\t<a class=\"elementor-button elementor-button-link elementor-size-sm\" href=\"https:\/\/gfusion.com.br\/zh\/fale-conosco\/?assunto=Imigra\u00e7\u00e3o\">\n\t\t\t\t\t\t<span class=\"elementor-button-content-wrapper\">\n\t\t\t\t\t\t\t\t\t<span class=\"elementor-button-text\">\u8054\u7cfb\u6211\u4eec<\/span>\n\t\t\t\t\t<\/span>\n\t\t\t\t\t<\/a>\n\t\t\t\t<\/div>\n\t\t\t\t\t\t\t\t<\/div>\n\t\t\t\t<\/div>\n\t\t\t\t\t<\/div>\n\t\t<\/div>\n\t\t\t\t\t<\/div>\n\t\t<\/section>\n\t\t\t\t<\/div>","protected":false},"excerpt":{"rendered":"<p>Vistos e Processos de Imigra\u00e7\u00e3o Facilitamos o processo de obten\u00e7\u00e3o de vistos para diversas necessidades, incluindo: 1. Visto de Fam\u00edlia e Pais: Ajudamos no processo de obten\u00e7\u00e3o de vistos para familiares que desejam visitar o Brasil. 2. Visto de Trabalho: Prestamos suporte completo para obten\u00e7\u00e3o de vistos de trabalho para profissionais estrangeiros que desejam atuar [&hellip;]<\/p>","protected":false},"author":1,"featured_media":0,"parent":0,"menu_order":0,"comment_status":"closed","ping_status":"closed","template":"","meta":{"_monsterinsights_skip_tracking":false,"_monsterinsights_sitenote_active":false,"_monsterinsights_sitenote_note":"","_monsterinsights_sitenote_category":0,"_joinchat":[],"footnotes":""},"class_list":["post-439","page","type-page","status-publish","hentry"],"aioseo_notices":[],"_links":{"self":[{"href":"https:\/\/gfusion.com.br\/zh\/wp-json\/wp\/v2\/pages\/439"}],"collection":[{"href":"https:\/\/gfusion.com.br\/zh\/wp-json\/wp\/v2\/pages"}],"about":[{"href":"https:\/\/gfusion.com.br\/zh\/wp-json\/wp\/v2\/types\/page"}],"author":[{"embeddable":true,"href":"https:\/\/gfusion.com.br\/zh\/wp-json\/wp\/v2\/users\/1"}],"replies":[{"embeddable":true,"href":"https:\/\/gfusion.com.br\/zh\/wp-json\/wp\/v2\/comments?post=439"}],"version-history":[{"count":10,"href":"https:\/\/gfusion.com.br\/zh\/wp-json\/wp\/v2\/pages\/439\/revisions"}],"predecessor-version":[{"id":486,"href":"https:\/\/gfusion.com.br\/zh\/wp-json\/wp\/v2\/pages\/439\/revisions\/486"}],"wp:attachment":[{"href":"https:\/\/gfusion.com.br\/zh\/wp-json\/wp\/v2\/media?parent=439"}],"curies":[{"name":"wp","href":"https:\/\/api.w.org\/{rel}","templated":true}]}}