{"id":38,"date":"2024-10-10T05:01:41","date_gmt":"2024-10-10T05:01:41","guid":{"rendered":"https:\/\/gfusion.com.br\/?page_id=38"},"modified":"2024-10-26T01:55:57","modified_gmt":"2024-10-26T01:55:57","slug":"home","status":"publish","type":"page","link":"https:\/\/gfusion.com.br\/zh\/","title":{"rendered":"\u5bb6"},"content":{"rendered":"<div data-elementor-type=\"wp-page\" data-elementor-id=\"38\" class=\"elementor elementor-38\" data-elementor-post-type=\"page\">\n\t\t\t\t\t\t<section class=\"elementor-section elementor-top-section elementor-element elementor-element-6aac7f36 elementor-section-stretched elementor-section-full_width elementor-section-height-default elementor-section-height-default\" data-id=\"6aac7f36\" data-element_type=\"section\" data-e-type=\"section\" data-settings=\"{&quot;stretch_section&quot;:&quot;section-stretched&quot;}\">\n\t\t\t\t\t\t<div class=\"elementor-container elementor-column-gap-no\">\n\t\t\t\t\t<div class=\"elementor-column elementor-col-100 elementor-top-column elementor-element elementor-element-23435246\" data-id=\"23435246\" data-element_type=\"column\" data-e-type=\"column\">\n\t\t\t<div class=\"elementor-widget-wrap elementor-element-populated\">\n\t\t\t\t\t\t<div class=\"elementor-element elementor-element-1fea7b83 elementor--h-position-center elementor--v-position-middle elementor-arrows-position-inside elementor-pagination-position-inside elementor-widget elementor-widget-slides\" data-id=\"1fea7b83\" data-element_type=\"widget\" data-e-type=\"widget\" data-settings=\"{&quot;navigation&quot;:&quot;both&quot;,&quot;autoplay&quot;:&quot;yes&quot;,&quot;pause_on_hover&quot;:&quot;yes&quot;,&quot;pause_on_interaction&quot;:&quot;yes&quot;,&quot;autoplay_speed&quot;:5000,&quot;infinite&quot;:&quot;yes&quot;,&quot;transition&quot;:&quot;slide&quot;,&quot;transition_speed&quot;:500}\" data-widget_type=\"slides.default\">\n\t\t\t\t<div class=\"elementor-widget-container\">\n\t\t\t\t\t\t\t<div class=\"elementor-swiper\">\n\t\t\t<div class=\"elementor-slides-wrapper elementor-main-swiper swiper-container\" dir=\"ltr\" data-animation=\"fadeInUp\">\n\t\t\t\t<div class=\"swiper-wrapper elementor-slides\">\n\t\t\t\t\t\t\t\t\t\t<div class=\"elementor-repeater-item-31fd6e8 swiper-slide\"><div class=\"swiper-slide-bg\" role=\"img\"><\/div><div class=\"elementor-background-overlay\"><\/div><a class=\"swiper-slide-inner\" href=\"https:\/\/gfusion.com.br\/zh\/recrutamento-e-tercerizacao\/\"><div class=\"swiper-slide-contents\"><h2 class=\"elementor-slide-heading\">\u62db\u8058\u4e0e\u5916\u5305<\/h2><p class=\"elementor-slide-description\">\u9664\u4e86\u5bfb\u6c42\u63d0\u5347\u548c\u589e\u5f3a\u5ba2\u6237\u5019\u9009\u4eba\u7684\u80fd\u529b\u5916\uff0c\u6211\u4eec\u8fd8\u63d0\u4f9b\u6709\u6548\u7684\u62db\u8058\u89e3\u51b3\u65b9\u6848\u3002<\/p><div  class=\"elementor-button elementor-slide-button elementor-size-sm\">\u4e86\u89e3\u66f4\u591a<\/div><\/div><\/a><\/div><div class=\"elementor-repeater-item-7b4b4d6 swiper-slide\"><div class=\"swiper-slide-bg\" role=\"img\"><\/div><div class=\"elementor-background-overlay\"><\/div><a class=\"swiper-slide-inner\" href=\"https:\/\/gfusion.com.br\/zh\/vistos-e-processos-de-imigracao\/\"><div class=\"swiper-slide-contents\"><h2 class=\"elementor-slide-heading\">\u7b7e\u8bc1\u548c\u79fb\u6c11\u7a0b\u5e8f<\/h2><p class=\"elementor-slide-description\">\u6211\u4eec\u5e2e\u52a9\u5e0c\u671b\u8bbf\u95ee\u5df4\u897f\u7684\u5bb6\u5ead\u6210\u5458\u83b7\u5f97\u7b7e\u8bc1\u3001\u5de5\u4f5c\u7b7e\u8bc1\u548c\u5546\u52a1\u7b7e\u8bc1\u3002\n<\/p><div  class=\"elementor-button elementor-slide-button elementor-size-sm\">\u4e86\u89e3\u66f4\u591a<\/div><\/div><\/a><\/div>\t\t\t\t<\/div>\n\t\t\t\t\t\t\t\t\t\t\t\t\t\t\t<div class=\"swiper-pagination\"><\/div>\n\t\t\t\t\t\t\t\t\t\t\t\t\t\t\t\t<div class=\"elementor-swiper-button elementor-swiper-button-prev\" role=\"button\" tabindex=\"0\">\n\t\t\t\t\t\t\t<svg aria-hidden=\"true\" class=\"e-font-icon-svg e-eicon-chevron-left\" viewbox=\"0 0 1000 1000\" xmlns=\"http:\/\/www.w3.org\/2000\/svg\"><path d=\"M646 125C629 125 613 133 604 142L308 442C296 454 292 471 292 487 292 504 296 521 308 533L604 854C617 867 629 875 646 875 663 875 679 871 692 858 704 846 713 829 713 812 713 796 708 779 692 767L438 487 692 225C700 217 708 204 708 187 708 171 704 154 692 142 675 129 663 125 646 125Z\"><\/path><\/svg>\t\t\t\t\t\t\t<span class=\"elementor-screen-only\">Previous slide<\/span>\n\t\t\t\t\t\t<\/div>\n\t\t\t\t\t\t<div class=\"elementor-swiper-button elementor-swiper-button-next\" role=\"button\" tabindex=\"0\">\n\t\t\t\t\t\t\t<svg aria-hidden=\"true\" class=\"e-font-icon-svg e-eicon-chevron-right\" viewbox=\"0 0 1000 1000\" xmlns=\"http:\/\/www.w3.org\/2000\/svg\"><path d=\"M696 533C708 521 713 504 713 487 713 471 708 454 696 446L400 146C388 133 375 125 354 125 338 125 325 129 313 142 300 154 292 171 292 187 292 204 296 221 308 233L563 492 304 771C292 783 288 800 288 817 288 833 296 850 308 863 321 871 338 875 354 875 371 875 388 867 400 854L696 533Z\"><\/path><\/svg>\t\t\t\t\t\t\t<span class=\"elementor-screen-only\">Next slide<\/span>\n\t\t\t\t\t\t<\/div>\n\t\t\t\t\t\t\t\t\t\t\t\t<\/div>\n\t\t<\/div>\n\t\t\t\t\t\t<\/div>\n\t\t\t\t<\/div>\n\t\t\t\t\t<\/div>\n\t\t<\/div>\n\t\t\t\t\t<\/div>\n\t\t<\/section>\n\t\t\t\t<section class=\"elementor-section elementor-top-section elementor-element elementor-element-585634ff elementor-section-stretched elementor-section-boxed elementor-section-height-default elementor-section-height-default\" data-id=\"585634ff\" data-element_type=\"section\" data-e-type=\"section\" data-settings=\"{&quot;stretch_section&quot;:&quot;section-stretched&quot;}\">\n\t\t\t\t\t\t\t<div class=\"elementor-background-overlay\"><\/div>\n\t\t\t\t\t\t\t<div class=\"elementor-container elementor-column-gap-no\">\n\t\t\t\t\t<div class=\"elementor-column elementor-col-33 elementor-top-column elementor-element elementor-element-e3ec061 elementor-invisible\" data-id=\"e3ec061\" data-element_type=\"column\" data-e-type=\"column\" data-settings=\"{&quot;background_background&quot;:&quot;classic&quot;,&quot;animation&quot;:&quot;fadeInUp&quot;,&quot;animation_delay&quot;:400}\">\n\t\t\t<div class=\"elementor-widget-wrap elementor-element-populated\">\n\t\t\t\t\t\t<div class=\"elementor-element elementor-element-00b5c40 elementor-position-top elementor-widget elementor-widget-image-box\" data-id=\"00b5c40\" data-element_type=\"widget\" data-e-type=\"widget\" data-widget_type=\"image-box.default\">\n\t\t\t\t<div class=\"elementor-widget-container\">\n\t\t\t\t\t<div class=\"elementor-image-box-wrapper\"><figure class=\"elementor-image-box-img\"><a href=\"https:\/\/gfusion.com.br\/zh\/consultoria-juridica\/\" tabindex=\"-1\"><img decoding=\"async\" src=\"https:\/\/gfusion.com.br\/wp-content\/uploads\/elementor\/thumbs\/consultoria-juridica-02-qvzwen9o8cf9rm219huddpkd149l5ar7eau0p8eusw.jpg\" title=\"\u6cd5\u5f8b\u54a8\u8be2\" alt=\"Consultoria Jur\u00eddica\" loading=\"lazy\" \/><\/a><\/figure><div class=\"elementor-image-box-content\"><h2 class=\"elementor-image-box-title\"><a href=\"https:\/\/gfusion.com.br\/zh\/consultoria-juridica\/\">\u54a8\u8be2\u670d\u52a1<br> \u5408\u6cd5\u7684<\/a><\/h2><p class=\"elementor-image-box-description\">\u6211\u4eec\u63d0\u4f9b\u5b8c\u6574\u7684\u6cd5\u5f8b\u652f\u6301\uff0c\u4ee5\u786e\u4fdd\u60a8\u7684\u516c\u53f8\u59cb\u7ec8\u9075\u5b88\u5df4\u897f\u52b3\u52a8\u6cd5\u548c\u5546\u4e1a\u6cd5\u3002\u6211\u4eec\u534f\u52a9\u8d77\u8349\u548c\u5ba1\u67e5\u5408\u540c\u3001\u89e3\u51b3\u4e89\u8bae\u4ee5\u53ca\u60a8\u7684\u7ec4\u7ec7\u4e2d\u53ef\u80fd\u51fa\u73b0\u7684\u6240\u6709\u6cd5\u5f8b\u95ee\u9898\u3002\n\n<\/p><\/div><\/div>\t\t\t\t<\/div>\n\t\t\t\t<\/div>\n\t\t\t\t\t<\/div>\n\t\t<\/div>\n\t\t\t\t<div class=\"elementor-column elementor-col-33 elementor-top-column elementor-element elementor-element-dc1185d elementor-invisible\" data-id=\"dc1185d\" data-element_type=\"column\" data-e-type=\"column\" data-settings=\"{&quot;background_background&quot;:&quot;classic&quot;,&quot;animation&quot;:&quot;fadeInUp&quot;}\">\n\t\t\t<div class=\"elementor-widget-wrap elementor-element-populated\">\n\t\t\t\t\t\t<div class=\"elementor-element elementor-element-5106672 elementor-position-top elementor-widget elementor-widget-image-box\" data-id=\"5106672\" data-element_type=\"widget\" data-e-type=\"widget\" data-widget_type=\"image-box.default\">\n\t\t\t\t<div class=\"elementor-widget-container\">\n\t\t\t\t\t<div class=\"elementor-image-box-wrapper\"><figure class=\"elementor-image-box-img\"><a href=\"https:\/\/gfusion.com.br\/zh\/consultoria-contabil\/\" tabindex=\"-1\"><img decoding=\"async\" src=\"https:\/\/gfusion.com.br\/wp-content\/uploads\/elementor\/thumbs\/consultoria-contabil-1-qvzweq36suj4qfxxt12936uqt9vose2eeosh52aoa8.jpg\" title=\"\u4f1a\u8ba1\u54a8\u8be2\" alt=\"Consultoria Cont\u00e1bil\" loading=\"lazy\" \/><\/a><\/figure><div class=\"elementor-image-box-content\"><h2 class=\"elementor-image-box-title\"><a href=\"https:\/\/gfusion.com.br\/zh\/consultoria-contabil\/\">\u54a8\u8be2\u670d\u52a1<br> \u4f1a\u8ba1<\/a><\/h2><p class=\"elementor-image-box-description\">\u6211\u4eec\u63d0\u4f9b\u4e13\u4e1a\u7684\u4f1a\u8ba1\u54a8\u8be2\u670d\u52a1\uff0c\u4ee5\u4f18\u5316\u60a8\u516c\u53f8\u7684\u8d22\u52a1\u7ba1\u7406\u3002\u6211\u4eec\u7684\u76ee\u6807\u662f\u786e\u4fdd\u4f1a\u8ba1\u5b9e\u8df5\u7b26\u5408\u5df4\u897f\u7acb\u6cd5\uff0c\u5e76\u5728\u6bcf\u4e2a\u9636\u6bb5\u63d0\u4f9b\u652f\u6301\u3002<\/p><\/div><\/div>\t\t\t\t<\/div>\n\t\t\t\t<\/div>\n\t\t\t\t\t<\/div>\n\t\t<\/div>\n\t\t\t\t<div class=\"elementor-column elementor-col-33 elementor-top-column elementor-element elementor-element-a3ca022 elementor-invisible\" data-id=\"a3ca022\" data-element_type=\"column\" data-e-type=\"column\" data-settings=\"{&quot;animation&quot;:&quot;fadeInUp&quot;,&quot;animation_delay&quot;:200,&quot;background_background&quot;:&quot;classic&quot;}\">\n\t\t\t<div class=\"elementor-widget-wrap elementor-element-populated\">\n\t\t\t\t\t\t<div class=\"elementor-element elementor-element-0f05349 elementor-position-top elementor-widget elementor-widget-image-box\" data-id=\"0f05349\" data-element_type=\"widget\" data-e-type=\"widget\" data-widget_type=\"image-box.default\">\n\t\t\t\t<div class=\"elementor-widget-container\">\n\t\t\t\t\t<div class=\"elementor-image-box-wrapper\"><figure class=\"elementor-image-box-img\"><a href=\"https:\/\/gfusion.com.br\/zh\/servicos-oferecidos\/\" tabindex=\"-1\"><img decoding=\"async\" src=\"https:\/\/gfusion.com.br\/wp-content\/uploads\/elementor\/thumbs\/global-fusion-02-qvqzter7izcan4cgz8dkqlmv8fjv75uhmhff5epvu8.jpg\" title=\"\u5168\u5c40\u878d\u5408-02\" alt=\"global-fusion-02\" loading=\"lazy\" \/><\/a><\/figure><div class=\"elementor-image-box-content\"><h2 class=\"elementor-image-box-title\"><a href=\"https:\/\/gfusion.com.br\/zh\/servicos-oferecidos\/\">\u53d1\u73b0\u6211\u4eec\u7684<br> \u670d\u52a1<\/a><\/h2><p class=\"elementor-image-box-description\">\u6211\u4eec\u63d0\u4f9b\u6240\u6709\u4eba\u529b\u8d44\u6e90\u89e3\u51b3\u65b9\u6848\uff0c\u4e3a\u5408\u9002\u7684\u804c\u4f4d\u63d0\u4f9b\u9ad8\u6548\u7684\u56e2\u961f\uff0c\u5e76\u4e3a\u5df4\u897f\u548c\u56fd\u9645\u6c42\u804c\u8005\u63d0\u4f9b\u6709\u8da3\u7684\u673a\u4f1a\u3002<\/p><\/div><\/div>\t\t\t\t<\/div>\n\t\t\t\t<\/div>\n\t\t\t\t\t<\/div>\n\t\t<\/div>\n\t\t\t\t\t<\/div>\n\t\t<\/section>\n\t\t\t\t<section class=\"elementor-section elementor-top-section elementor-element elementor-element-6cae9809 elementor-section-stretched elementor-section-boxed elementor-section-height-default elementor-section-height-default\" data-id=\"6cae9809\" data-element_type=\"section\" data-e-type=\"section\" id=\"sobre-nos\" data-settings=\"{&quot;stretch_section&quot;:&quot;section-stretched&quot;,&quot;background_background&quot;:&quot;gradient&quot;}\">\n\t\t\t\t\t\t\t<div class=\"elementor-background-overlay\"><\/div>\n\t\t\t\t\t\t\t<div class=\"elementor-container elementor-column-gap-default\">\n\t\t\t\t\t<div class=\"elementor-column elementor-col-100 elementor-top-column elementor-element elementor-element-31aaab2f\" data-id=\"31aaab2f\" data-element_type=\"column\" data-e-type=\"column\">\n\t\t\t<div class=\"elementor-widget-wrap elementor-element-populated\">\n\t\t\t\t\t\t<div class=\"elementor-element elementor-element-4dc4adcb elementor-invisible elementor-widget elementor-widget-heading\" data-id=\"4dc4adcb\" data-element_type=\"widget\" data-e-type=\"widget\" data-settings=\"{&quot;_animation&quot;:&quot;fadeInUp&quot;}\" data-widget_type=\"heading.default\">\n\t\t\t\t<div class=\"elementor-widget-container\">\n\t\t\t\t\t<h2 class=\"elementor-heading-title elementor-size-default\">\u5173\u4e8e\u5168\u7403\u878d\u5408<\/h2>\t\t\t\t<\/div>\n\t\t\t\t<\/div>\n\t\t\t\t<section class=\"elementor-section elementor-inner-section elementor-element elementor-element-4fe8545c elementor-section-boxed elementor-section-height-default elementor-section-height-default\" data-id=\"4fe8545c\" data-element_type=\"section\" data-e-type=\"section\">\n\t\t\t\t\t\t<div class=\"elementor-container elementor-column-gap-default\">\n\t\t\t\t\t<div class=\"elementor-column elementor-col-50 elementor-inner-column elementor-element elementor-element-13d0f17e elementor-invisible\" data-id=\"13d0f17e\" data-element_type=\"column\" data-e-type=\"column\" data-settings=\"{&quot;animation&quot;:&quot;fadeInRight&quot;}\">\n\t\t\t<div class=\"elementor-widget-wrap elementor-element-populated\">\n\t\t\t\t\t\t<div class=\"elementor-element elementor-element-42365040 elementor-widget elementor-widget-image\" data-id=\"42365040\" data-element_type=\"widget\" data-e-type=\"widget\" data-widget_type=\"image.default\">\n\t\t\t\t<div class=\"elementor-widget-container\">\n\t\t\t\t\t\t\t\t\t\t\t\t\t\t\t<img fetchpriority=\"high\" decoding=\"async\" width=\"800\" height=\"451\" src=\"https:\/\/gfusion.com.br\/wp-content\/uploads\/2024\/10\/logo-global-fusion-1024x577.png\" class=\"attachment-large size-large wp-image-19\" alt=\"Global Fusion | Solu\u00e7\u00f5es de Recursos Humanos\" srcset=\"https:\/\/gfusion.com.br\/wp-content\/uploads\/2024\/10\/logo-global-fusion-1024x577.png 1024w, https:\/\/gfusion.com.br\/wp-content\/uploads\/2024\/10\/logo-global-fusion-300x169.png 300w, https:\/\/gfusion.com.br\/wp-content\/uploads\/2024\/10\/logo-global-fusion-768x432.png 768w, https:\/\/gfusion.com.br\/wp-content\/uploads\/2024\/10\/logo-global-fusion.png 1156w\" sizes=\"(max-width: 800px) 100vw, 800px\" \/>\t\t\t\t\t\t\t\t\t\t\t\t\t\t\t<\/div>\n\t\t\t\t<\/div>\n\t\t\t\t\t<\/div>\n\t\t<\/div>\n\t\t\t\t<div class=\"elementor-column elementor-col-50 elementor-inner-column elementor-element elementor-element-283ccde7 elementor-invisible\" data-id=\"283ccde7\" data-element_type=\"column\" data-e-type=\"column\" data-settings=\"{&quot;animation&quot;:&quot;fadeInLeft&quot;}\">\n\t\t\t<div class=\"elementor-widget-wrap elementor-element-populated\">\n\t\t\t\t\t\t<div class=\"elementor-element elementor-element-77a4787b elementor-widget elementor-widget-text-editor\" data-id=\"77a4787b\" data-element_type=\"widget\" data-e-type=\"widget\" data-widget_type=\"text-editor.default\">\n\t\t\t\t<div class=\"elementor-widget-container\">\n\t\t\t\t\t\t\t\t\t<p>\u8fd9 <b>\u5168\u7403\u878d\u5408 <\/b>\u662f\u4e00\u5bb6\u65e8\u5728\u964d\u4f4e\u516c\u53f8\u6210\u672c\u5e76\u7b80\u5316\u4eba\u5458\u914d\u7f6e\u548c\u7ba1\u7406\u7684\u516c\u53f8\u3002<\/p><p>\u6211\u4eec\u63d0\u4f9b\u6240\u6709\u4eba\u529b\u8d44\u6e90\u89e3\u51b3\u65b9\u6848\uff0c\u4e3a\u5408\u9002\u7684\u804c\u4f4d\u63d0\u4f9b\u9ad8\u6548\u7684\u56e2\u961f\uff0c\u5e76\u4e3a\u5df4\u897f\u548c\u56fd\u9645\u6c42\u804c\u8005\u63d0\u4f9b\u6709\u8da3\u7684\u673a\u4f1a\u3002<\/p>\t\t\t\t\t\t\t\t<\/div>\n\t\t\t\t<\/div>\n\t\t\t\t<div class=\"elementor-element elementor-element-b20343b elementor-align-left elementor-mobile-align-center elementor-invisible elementor-widget elementor-widget-button\" data-id=\"b20343b\" data-element_type=\"widget\" data-e-type=\"widget\" data-settings=\"{&quot;_animation&quot;:&quot;fadeInUp&quot;}\" data-widget_type=\"button.default\">\n\t\t\t\t<div class=\"elementor-widget-container\">\n\t\t\t\t\t\t\t\t\t<div class=\"elementor-button-wrapper\">\n\t\t\t\t\t<a class=\"elementor-button elementor-button-link elementor-size-sm\" href=\"https:\/\/gfusion.com.br\/zh\/sobre-nos\/\">\n\t\t\t\t\t\t<span class=\"elementor-button-content-wrapper\">\n\t\t\t\t\t\t\t\t\t<span class=\"elementor-button-text\">\u4e86\u89e3\u66f4\u591a<\/span>\n\t\t\t\t\t<\/span>\n\t\t\t\t\t<\/a>\n\t\t\t\t<\/div>\n\t\t\t\t\t\t\t\t<\/div>\n\t\t\t\t<\/div>\n\t\t\t\t\t<\/div>\n\t\t<\/div>\n\t\t\t\t\t<\/div>\n\t\t<\/section>\n\t\t\t\t\t<\/div>\n\t\t<\/div>\n\t\t\t\t\t<\/div>\n\t\t<\/section>\n\t\t\t\t<\/div>","protected":false},"excerpt":{"rendered":"<p>Recrutamento e Terceriza\u00e7\u00e3o Oferecemos solu\u00e7\u00f5es eficazes de recrutamento, al\u00e9m de buscar elevar e empoderar os candidatos de seus clientes. Saiba Mais Vistos e Processos de Imigra\u00e7\u00e3o Ajudamos no processo de obten\u00e7\u00e3o de vistos para familiares que desejam visitar o Brasil, vistos de trabalho e vistos de neg\u00f3cios. Saiba Mais Previous slide Next slide Consultoria Jur\u00eddica [&hellip;]<\/p>","protected":false},"author":1,"featured_media":0,"parent":0,"menu_order":0,"comment_status":"closed","ping_status":"closed","template":"","meta":{"_monsterinsights_skip_tracking":false,"_monsterinsights_sitenote_active":false,"_monsterinsights_sitenote_note":"","_monsterinsights_sitenote_category":0,"_joinchat":[],"footnotes":""},"class_list":["post-38","page","type-page","status-publish","hentry"],"aioseo_notices":[],"_links":{"self":[{"href":"https:\/\/gfusion.com.br\/zh\/wp-json\/wp\/v2\/pages\/38"}],"collection":[{"href":"https:\/\/gfusion.com.br\/zh\/wp-json\/wp\/v2\/pages"}],"about":[{"href":"https:\/\/gfusion.com.br\/zh\/wp-json\/wp\/v2\/types\/page"}],"author":[{"embeddable":true,"href":"https:\/\/gfusion.com.br\/zh\/wp-json\/wp\/v2\/users\/1"}],"replies":[{"embeddable":true,"href":"https:\/\/gfusion.com.br\/zh\/wp-json\/wp\/v2\/comments?post=38"}],"version-history":[{"count":88,"href":"https:\/\/gfusion.com.br\/zh\/wp-json\/wp\/v2\/pages\/38\/revisions"}],"predecessor-version":[{"id":527,"href":"https:\/\/gfusion.com.br\/zh\/wp-json\/wp\/v2\/pages\/38\/revisions\/527"}],"wp:attachment":[{"href":"https:\/\/gfusion.com.br\/zh\/wp-json\/wp\/v2\/media?parent=38"}],"curies":[{"name":"wp","href":"https:\/\/api.w.org\/{rel}","templated":true}]}}