{"id":378,"date":"2024-10-22T05:04:03","date_gmt":"2024-10-22T05:04:03","guid":{"rendered":"https:\/\/gfusion.com.br\/?page_id=378"},"modified":"2024-10-23T19:59:31","modified_gmt":"2024-10-23T19:59:31","slug":"consultoria-contabil","status":"publish","type":"page","link":"https:\/\/gfusion.com.br\/zh\/consultoria-contabil\/","title":{"rendered":"\u4f1a\u8ba1\u54a8\u8be2"},"content":{"rendered":"<div data-elementor-type=\"wp-page\" data-elementor-id=\"378\" class=\"elementor elementor-378\" data-elementor-post-type=\"page\">\n\t\t\t\t<div class=\"elementor-element elementor-element-0311e8a e-flex e-con-boxed e-con e-parent\" data-id=\"0311e8a\" data-element_type=\"container\" data-e-type=\"container\" data-settings=\"{&quot;background_background&quot;:&quot;classic&quot;}\">\n\t\t\t\t\t<div class=\"e-con-inner\">\n\t\t<div class=\"elementor-element elementor-element-c2f5875 e-con-full e-flex e-con e-child\" data-id=\"c2f5875\" data-element_type=\"container\" data-e-type=\"container\">\n\t\t\t\t<div class=\"elementor-element elementor-element-82357c8 elementor-invisible elementor-widget elementor-widget-heading\" data-id=\"82357c8\" data-element_type=\"widget\" data-e-type=\"widget\" data-settings=\"{&quot;_animation&quot;:&quot;fadeInUp&quot;}\" data-widget_type=\"heading.default\">\n\t\t\t\t<div class=\"elementor-widget-container\">\n\t\t\t\t\t<h1 class=\"elementor-heading-title elementor-size-default\">\u4f1a\u8ba1\u54a8\u8be2<\/h1>\t\t\t\t<\/div>\n\t\t\t\t<\/div>\n\t\t\t\t<\/div>\n\t\t\t\t\t<\/div>\n\t\t\t\t<\/div>\n\t\t\t\t<section class=\"elementor-section elementor-top-section elementor-element elementor-element-09c3d72 elementor-section-stretched elementor-section-boxed elementor-section-height-default elementor-section-height-default\" data-id=\"09c3d72\" data-element_type=\"section\" data-e-type=\"section\" data-settings=\"{&quot;stretch_section&quot;:&quot;section-stretched&quot;,&quot;background_background&quot;:&quot;gradient&quot;}\">\n\t\t\t\t\t\t<div class=\"elementor-container elementor-column-gap-default\">\n\t\t\t\t\t<div class=\"elementor-column elementor-col-100 elementor-top-column elementor-element elementor-element-5d81b77\" data-id=\"5d81b77\" data-element_type=\"column\" data-e-type=\"column\">\n\t\t\t<div class=\"elementor-widget-wrap elementor-element-populated\">\n\t\t\t\t\t\t<div class=\"elementor-element elementor-element-ef5fe42 elementor-widget elementor-widget-text-editor\" data-id=\"ef5fe42\" data-element_type=\"widget\" data-e-type=\"widget\" data-widget_type=\"text-editor.default\">\n\t\t\t\t<div class=\"elementor-widget-container\">\n\t\t\t\t\t\t\t\t\t<p>\u9664\u4e86\u6211\u4eec\u7684\u62db\u8058\u548c\u5916\u5305\u670d\u52a1\u5916\uff0c <b>\u5168\u7403\u878d\u5408 <\/b>\u63d0\u4f9b\u5404\u79cd\u9644\u52a0\u89e3\u51b3\u65b9\u6848\u6765\u652f\u6301\u5ba2\u6237\u7684\u9700\u6c42\uff1a<\/p>\t\t\t\t\t\t\t\t<\/div>\n\t\t\t\t<\/div>\n\t\t\t\t<div class=\"elementor-element elementor-element-353cd55 elementor-position-left elementor-vertical-align-top elementor-widget elementor-widget-image-box\" data-id=\"353cd55\" data-element_type=\"widget\" data-e-type=\"widget\" data-widget_type=\"image-box.default\">\n\t\t\t\t<div class=\"elementor-widget-container\">\n\t\t\t\t\t<div class=\"elementor-image-box-wrapper\"><figure class=\"elementor-image-box-img\"><img fetchpriority=\"high\" decoding=\"async\" width=\"1500\" height=\"1000\" src=\"https:\/\/gfusion.com.br\/wp-content\/uploads\/2024\/10\/consultoria-contabil-1.jpg\" class=\"attachment-full size-full wp-image-470\" alt=\"Consultoria Cont\u00e1bil\" srcset=\"https:\/\/gfusion.com.br\/wp-content\/uploads\/2024\/10\/consultoria-contabil-1.jpg 1500w, https:\/\/gfusion.com.br\/wp-content\/uploads\/2024\/10\/consultoria-contabil-1-300x200.jpg 300w, https:\/\/gfusion.com.br\/wp-content\/uploads\/2024\/10\/consultoria-contabil-1-1024x683.jpg 1024w, https:\/\/gfusion.com.br\/wp-content\/uploads\/2024\/10\/consultoria-contabil-1-768x512.jpg 768w\" sizes=\"(max-width: 1500px) 100vw, 1500px\" \/><\/figure><div class=\"elementor-image-box-content\"><h3 class=\"elementor-image-box-title\">\u4f1a\u8ba1\u54a8\u8be2\uff1a<\/h3><p class=\"elementor-image-box-description\">\u6211\u4eec\u63d0\u4f9b\u4e13\u4e1a\u7684\u4f1a\u8ba1\u54a8\u8be2\u670d\u52a1\uff0c\u4ee5\u4f18\u5316\u60a8\u516c\u53f8\u7684\u8d22\u52a1\u7ba1\u7406\u3002\u6211\u4eec\u7684\u76ee\u6807\u662f\u786e\u4fdd\u4f1a\u8ba1\u5b9e\u8df5\u7b26\u5408\u5df4\u897f\u7acb\u6cd5\uff0c\u63d0\u4f9b\u7a0e\u52a1\u4f1a\u8ba1\u3001\u7a0e\u52a1\u89c4\u5212\u548c\u8d22\u52a1\u62a5\u8868\u7f16\u5236\u65b9\u9762\u7684\u652f\u6301\u3002<\/p><\/div><\/div>\t\t\t\t<\/div>\n\t\t\t\t<\/div>\n\t\t\t\t<div class=\"elementor-element elementor-element-9423bde elementor-invisible elementor-widget elementor-widget-heading\" data-id=\"9423bde\" data-element_type=\"widget\" data-e-type=\"widget\" data-settings=\"{&quot;_animation&quot;:&quot;fadeInUp&quot;}\" data-widget_type=\"heading.default\">\n\t\t\t\t<div class=\"elementor-widget-container\">\n\t\t\t\t\t<h2 class=\"elementor-heading-title elementor-size-default\">\u4e0e\u6211\u4eec\u7684\u56e2\u961f\u8054\u7cfb\uff1a<\/h2>\t\t\t\t<\/div>\n\t\t\t\t<\/div>\n\t\t\t\t<div class=\"elementor-element elementor-element-4d40c2f elementor-align-center elementor-mobile-align-center elementor-invisible elementor-widget elementor-widget-button\" data-id=\"4d40c2f\" data-element_type=\"widget\" data-e-type=\"widget\" data-settings=\"{&quot;_animation&quot;:&quot;fadeInUp&quot;}\" data-widget_type=\"button.default\">\n\t\t\t\t<div class=\"elementor-widget-container\">\n\t\t\t\t\t\t\t\t\t<div class=\"elementor-button-wrapper\">\n\t\t\t\t\t<a class=\"elementor-button elementor-button-link elementor-size-sm\" href=\"https:\/\/gfusion.com.br\/zh\/fale-conosco\/?assunto=Consultoria%20Cont%C3%A1bil\">\n\t\t\t\t\t\t<span class=\"elementor-button-content-wrapper\">\n\t\t\t\t\t\t\t\t\t<span class=\"elementor-button-text\">\u8054\u7cfb\u6211\u4eec<\/span>\n\t\t\t\t\t<\/span>\n\t\t\t\t\t<\/a>\n\t\t\t\t<\/div>\n\t\t\t\t\t\t\t\t<\/div>\n\t\t\t\t<\/div>\n\t\t\t\t\t<\/div>\n\t\t<\/div>\n\t\t\t\t\t<\/div>\n\t\t<\/section>\n\t\t\t\t<\/div>","protected":false},"excerpt":{"rendered":"<p>Consultoria Cont\u00e1bil Al\u00e9m de nossos servi\u00e7os de recrutamento e terceiriza\u00e7\u00e3o, a Global Fusion oferece uma variedade de solu\u00e7\u00f5es adicionais para apoiar as necessidades de nossos clientes: Consultoria Cont\u00e1bil: Prestamos servi\u00e7os de consultoria cont\u00e1bil especializados para otimizar a gest\u00e3o financeira da sua empresa. Nosso objetivo \u00e9 garantir que as pr\u00e1ticas cont\u00e1beis estejam alinhadas com a legisla\u00e7\u00e3o [&hellip;]<\/p>","protected":false},"author":1,"featured_media":0,"parent":0,"menu_order":0,"comment_status":"closed","ping_status":"closed","template":"","meta":{"_monsterinsights_skip_tracking":false,"_monsterinsights_sitenote_active":false,"_monsterinsights_sitenote_note":"","_monsterinsights_sitenote_category":0,"_joinchat":[],"footnotes":""},"class_list":["post-378","page","type-page","status-publish","hentry"],"aioseo_notices":[],"_links":{"self":[{"href":"https:\/\/gfusion.com.br\/zh\/wp-json\/wp\/v2\/pages\/378"}],"collection":[{"href":"https:\/\/gfusion.com.br\/zh\/wp-json\/wp\/v2\/pages"}],"about":[{"href":"https:\/\/gfusion.com.br\/zh\/wp-json\/wp\/v2\/types\/page"}],"author":[{"embeddable":true,"href":"https:\/\/gfusion.com.br\/zh\/wp-json\/wp\/v2\/users\/1"}],"replies":[{"embeddable":true,"href":"https:\/\/gfusion.com.br\/zh\/wp-json\/wp\/v2\/comments?post=378"}],"version-history":[{"count":16,"href":"https:\/\/gfusion.com.br\/zh\/wp-json\/wp\/v2\/pages\/378\/revisions"}],"predecessor-version":[{"id":476,"href":"https:\/\/gfusion.com.br\/zh\/wp-json\/wp\/v2\/pages\/378\/revisions\/476"}],"wp:attachment":[{"href":"https:\/\/gfusion.com.br\/zh\/wp-json\/wp\/v2\/media?parent=378"}],"curies":[{"name":"wp","href":"https:\/\/api.w.org\/{rel}","templated":true}]}}