{"id":376,"date":"2024-10-22T05:07:34","date_gmt":"2024-10-22T05:07:34","guid":{"rendered":"https:\/\/gfusion.com.br\/?page_id=376"},"modified":"2024-10-23T19:58:23","modified_gmt":"2024-10-23T19:58:23","slug":"consultoria-juridica","status":"publish","type":"page","link":"https:\/\/gfusion.com.br\/zh\/consultoria-juridica\/","title":{"rendered":"\u6cd5\u5f8b\u54a8\u8be2"},"content":{"rendered":"<div data-elementor-type=\"wp-page\" data-elementor-id=\"376\" class=\"elementor elementor-376\" data-elementor-post-type=\"page\">\n\t\t\t\t<div class=\"elementor-element elementor-element-0311e8a e-flex e-con-boxed e-con e-parent\" data-id=\"0311e8a\" data-element_type=\"container\" data-e-type=\"container\" data-settings=\"{&quot;background_background&quot;:&quot;classic&quot;}\">\n\t\t\t\t\t<div class=\"e-con-inner\">\n\t\t<div class=\"elementor-element elementor-element-c2f5875 e-con-full e-flex e-con e-child\" data-id=\"c2f5875\" data-element_type=\"container\" data-e-type=\"container\">\n\t\t\t\t<div class=\"elementor-element elementor-element-82357c8 elementor-invisible elementor-widget elementor-widget-heading\" data-id=\"82357c8\" data-element_type=\"widget\" data-e-type=\"widget\" data-settings=\"{&quot;_animation&quot;:&quot;fadeInUp&quot;}\" data-widget_type=\"heading.default\">\n\t\t\t\t<div class=\"elementor-widget-container\">\n\t\t\t\t\t<h1 class=\"elementor-heading-title elementor-size-default\">\u6cd5\u5f8b\u54a8\u8be2<\/h1>\t\t\t\t<\/div>\n\t\t\t\t<\/div>\n\t\t\t\t<\/div>\n\t\t\t\t\t<\/div>\n\t\t\t\t<\/div>\n\t\t\t\t<section class=\"elementor-section elementor-top-section elementor-element elementor-element-09c3d72 elementor-section-stretched elementor-section-boxed elementor-section-height-default elementor-section-height-default\" data-id=\"09c3d72\" data-element_type=\"section\" data-e-type=\"section\" data-settings=\"{&quot;stretch_section&quot;:&quot;section-stretched&quot;,&quot;background_background&quot;:&quot;gradient&quot;}\">\n\t\t\t\t\t\t<div class=\"elementor-container elementor-column-gap-default\">\n\t\t\t\t\t<div class=\"elementor-column elementor-col-100 elementor-top-column elementor-element elementor-element-5d81b77\" data-id=\"5d81b77\" data-element_type=\"column\" data-e-type=\"column\">\n\t\t\t<div class=\"elementor-widget-wrap elementor-element-populated\">\n\t\t\t\t\t\t<div class=\"elementor-element elementor-element-ef5fe42 elementor-widget elementor-widget-text-editor\" data-id=\"ef5fe42\" data-element_type=\"widget\" data-e-type=\"widget\" data-widget_type=\"text-editor.default\">\n\t\t\t\t<div class=\"elementor-widget-container\">\n\t\t\t\t\t\t\t\t\t<p>\u9664\u4e86\u6211\u4eec\u7684\u62db\u8058\u548c\u5916\u5305\u670d\u52a1\u5916\uff0c <b>\u5168\u7403\u878d\u5408 <\/b>\u63d0\u4f9b\u5404\u79cd\u9644\u52a0\u89e3\u51b3\u65b9\u6848\u6765\u652f\u6301\u5ba2\u6237\u7684\u9700\u6c42\uff1a<\/p>\t\t\t\t\t\t\t\t<\/div>\n\t\t\t\t<\/div>\n\t\t\t\t<div class=\"elementor-element elementor-element-9b51a40 elementor-position-left elementor-vertical-align-top elementor-widget elementor-widget-image-box\" data-id=\"9b51a40\" data-element_type=\"widget\" data-e-type=\"widget\" data-widget_type=\"image-box.default\">\n\t\t\t\t<div class=\"elementor-widget-container\">\n\t\t\t\t\t<div class=\"elementor-image-box-wrapper\"><figure class=\"elementor-image-box-img\"><img fetchpriority=\"high\" decoding=\"async\" width=\"1500\" height=\"1000\" src=\"https:\/\/gfusion.com.br\/wp-content\/uploads\/2024\/10\/consultoria-juridica-02.jpg\" class=\"attachment-full size-full wp-image-469\" alt=\"Consultoria Jur\u00eddica\" srcset=\"https:\/\/gfusion.com.br\/wp-content\/uploads\/2024\/10\/consultoria-juridica-02.jpg 1500w, https:\/\/gfusion.com.br\/wp-content\/uploads\/2024\/10\/consultoria-juridica-02-300x200.jpg 300w, https:\/\/gfusion.com.br\/wp-content\/uploads\/2024\/10\/consultoria-juridica-02-1024x683.jpg 1024w, https:\/\/gfusion.com.br\/wp-content\/uploads\/2024\/10\/consultoria-juridica-02-768x512.jpg 768w\" sizes=\"(max-width: 1500px) 100vw, 1500px\" \/><\/figure><div class=\"elementor-image-box-content\"><h3 class=\"elementor-image-box-title\">\u6cd5\u5f8b\u54a8\u8be2\uff1a <\/h3><p class=\"elementor-image-box-description\">\u6211\u4eec\u7684\u4e13\u5bb6\u56e2\u961f\u63d0\u4f9b\u5168\u9762\u7684\u6cd5\u5f8b\u652f\u6301\uff0c\u4ee5\u786e\u4fdd\u60a8\u7684\u516c\u53f8\u59cb\u7ec8\u9075\u5b88\u5df4\u897f\u52b3\u52a8\u548c\u5546\u4e1a\u6cd5\u5f8b\u3002\u6211\u4eec\u534f\u52a9\u8d77\u8349\u548c\u5ba1\u67e5\u5408\u540c\u3001\u89e3\u51b3\u4e89\u8bae\u4ee5\u53ca\u60a8\u7684\u7ec4\u7ec7\u4e2d\u53ef\u80fd\u51fa\u73b0\u7684\u6240\u6709\u6cd5\u5f8b\u95ee\u9898\u3002<\/p><\/div><\/div>\t\t\t\t<\/div>\n\t\t\t\t<\/div>\n\t\t\t\t<div class=\"elementor-element elementor-element-78244b0 elementor-invisible elementor-widget elementor-widget-heading\" data-id=\"78244b0\" data-element_type=\"widget\" data-e-type=\"widget\" data-settings=\"{&quot;_animation&quot;:&quot;fadeInUp&quot;}\" data-widget_type=\"heading.default\">\n\t\t\t\t<div class=\"elementor-widget-container\">\n\t\t\t\t\t<h2 class=\"elementor-heading-title elementor-size-default\">\u4e0e\u6211\u4eec\u7684\u56e2\u961f\u8054\u7cfb\uff1a<\/h2>\t\t\t\t<\/div>\n\t\t\t\t<\/div>\n\t\t\t\t<div class=\"elementor-element elementor-element-444502f elementor-align-center elementor-mobile-align-center elementor-invisible elementor-widget elementor-widget-button\" data-id=\"444502f\" data-element_type=\"widget\" data-e-type=\"widget\" data-settings=\"{&quot;_animation&quot;:&quot;fadeInUp&quot;}\" data-widget_type=\"button.default\">\n\t\t\t\t<div class=\"elementor-widget-container\">\n\t\t\t\t\t\t\t\t\t<div class=\"elementor-button-wrapper\">\n\t\t\t\t\t<a class=\"elementor-button elementor-button-link elementor-size-sm\" href=\"https:\/\/gfusion.com.br\/zh\/fale-conosco\/?assunto=Consultoria%20Jur%C3%ADdica\">\n\t\t\t\t\t\t<span class=\"elementor-button-content-wrapper\">\n\t\t\t\t\t\t\t\t\t<span class=\"elementor-button-text\">\u8054\u7cfb\u6211\u4eec<\/span>\n\t\t\t\t\t<\/span>\n\t\t\t\t\t<\/a>\n\t\t\t\t<\/div>\n\t\t\t\t\t\t\t\t<\/div>\n\t\t\t\t<\/div>\n\t\t\t\t\t<\/div>\n\t\t<\/div>\n\t\t\t\t\t<\/div>\n\t\t<\/section>\n\t\t\t\t<\/div>","protected":false},"excerpt":{"rendered":"<p>Consultoria Jur\u00eddica Al\u00e9m de nossos servi\u00e7os de recrutamento e terceiriza\u00e7\u00e3o, a Global Fusion oferece uma variedade de solu\u00e7\u00f5es adicionais para apoiar as necessidades de nossos clientes: Consultoria Jur\u00eddica: Nossa equipe de especialistas oferece suporte jur\u00eddico completo para garantir que sua empresa esteja sempre em conformidade com as leis trabalhistas e comerciais brasileiras. Auxiliamos na elabora\u00e7\u00e3o [&hellip;]<\/p>","protected":false},"author":1,"featured_media":0,"parent":0,"menu_order":0,"comment_status":"closed","ping_status":"closed","template":"","meta":{"_monsterinsights_skip_tracking":false,"_monsterinsights_sitenote_active":false,"_monsterinsights_sitenote_note":"","_monsterinsights_sitenote_category":0,"_joinchat":[],"footnotes":""},"class_list":["post-376","page","type-page","status-publish","hentry"],"aioseo_notices":[],"_links":{"self":[{"href":"https:\/\/gfusion.com.br\/zh\/wp-json\/wp\/v2\/pages\/376"}],"collection":[{"href":"https:\/\/gfusion.com.br\/zh\/wp-json\/wp\/v2\/pages"}],"about":[{"href":"https:\/\/gfusion.com.br\/zh\/wp-json\/wp\/v2\/types\/page"}],"author":[{"embeddable":true,"href":"https:\/\/gfusion.com.br\/zh\/wp-json\/wp\/v2\/users\/1"}],"replies":[{"embeddable":true,"href":"https:\/\/gfusion.com.br\/zh\/wp-json\/wp\/v2\/comments?post=376"}],"version-history":[{"count":10,"href":"https:\/\/gfusion.com.br\/zh\/wp-json\/wp\/v2\/pages\/376\/revisions"}],"predecessor-version":[{"id":473,"href":"https:\/\/gfusion.com.br\/zh\/wp-json\/wp\/v2\/pages\/376\/revisions\/473"}],"wp:attachment":[{"href":"https:\/\/gfusion.com.br\/zh\/wp-json\/wp\/v2\/media?parent=376"}],"curies":[{"name":"wp","href":"https:\/\/api.w.org\/{rel}","templated":true}]}}